{"id":15,"date":"2023-11-21T20:26:06","date_gmt":"2023-11-21T20:26:06","guid":{"rendered":"https:\/\/surestetallerdemaderas.com\/?page_id=15"},"modified":"2023-11-28T22:06:00","modified_gmt":"2023-11-28T22:06:00","slug":"nosotros","status":"publish","type":"page","link":"https:\/\/surestetallerdemaderas.com\/index.php\/nosotros\/","title":{"rendered":"NOSOTROS"},"content":{"rendered":"\t\t<div data-elementor-type=\"wp-page\" data-elementor-id=\"15\" class=\"elementor elementor-15\" data-elementor-post-type=\"page\">\n\t\t\t\t<div class=\"elementor-element elementor-element-0e78dda e-con-full e-flex e-con e-parent\" data-id=\"0e78dda\" data-element_type=\"container\" data-e-type=\"container\">\n\t\t<div class=\"elementor-element elementor-element-ae23ae1 e-con-full e-flex e-con e-child\" data-id=\"ae23ae1\" data-element_type=\"container\" data-e-type=\"container\">\n\t\t<div class=\"elementor-element elementor-element-2509ec2 e-con-full e-flex e-con e-child\" data-id=\"2509ec2\" data-element_type=\"container\" data-e-type=\"container\">\n\t\t\t\t<div class=\"elementor-element elementor-element-9950dc5 elementor-align-left elementor-widget elementor-widget-button\" data-id=\"9950dc5\" data-element_type=\"widget\" data-e-type=\"widget\" data-widget_type=\"button.default\">\n\t\t\t\t<div class=\"elementor-widget-container\">\n\t\t\t\t\t\t\t\t\t<div class=\"elementor-button-wrapper\">\n\t\t\t\t\t<a class=\"elementor-button elementor-button-link elementor-size-xs\" href=\"https:\/\/surestetallerdemaderas.com\/\">\n\t\t\t\t\t\t<span class=\"elementor-button-content-wrapper\">\n\t\t\t\t\t\t<span class=\"elementor-button-icon\">\n\t\t\t\t<svg xmlns=\"http:\/\/www.w3.org\/2000\/svg\" id=\"Capa_1\" width=\"106.74mm\" height=\"65.53mm\" viewBox=\"0 0 302.57 185.76\"><defs><style>.cls-1{fill:none;stroke:#272019;stroke-miterlimit:10;stroke-width:3px;}<\/style><\/defs><polyline class=\"cls-1\" points=\"91.39 184.72 3.51 92.88 302.57 92.88\"><\/polyline><polyline class=\"cls-1\" points=\"90.06 1.04 2.69 92.36 2.19 92.88\"><\/polyline><\/svg>\t\t\t<\/span>\n\t\t\t\t\t\t\t\t<\/span>\n\t\t\t\t\t<\/a>\n\t\t\t\t<\/div>\n\t\t\t\t\t\t\t\t<\/div>\n\t\t\t\t<\/div>\n\t\t\t\t<div class=\"elementor-element elementor-element-62cd40c elementor-widget__width-initial elementor-widget-mobile__width-initial elementor-widget elementor-widget-image\" data-id=\"62cd40c\" data-element_type=\"widget\" data-e-type=\"widget\" data-widget_type=\"image.default\">\n\t\t\t\t<div class=\"elementor-widget-container\">\n\t\t\t\t\t\t\t\t\t\t\t\t\t\t\t<img decoding=\"async\" width=\"150\" height=\"150\" src=\"https:\/\/surestetallerdemaderas.com\/wp-content\/uploads\/2023\/11\/ISO-NEGRO-150x150.png\" class=\"attachment-thumbnail size-thumbnail wp-image-32\" alt=\"\" \/>\t\t\t\t\t\t\t\t\t\t\t\t\t\t\t<\/div>\n\t\t\t\t<\/div>\n\t\t\t\t<\/div>\n\t\t<div class=\"elementor-element elementor-element-9fdd4bf e-con-full e-flex e-con e-child\" data-id=\"9fdd4bf\" data-element_type=\"container\" data-e-type=\"container\">\n\t\t<div class=\"elementor-element elementor-element-06556ab e-flex e-con-boxed e-con e-child\" data-id=\"06556ab\" data-element_type=\"container\" data-e-type=\"container\">\n\t\t\t\t\t<div class=\"e-con-inner\">\n\t\t\t\t<div class=\"elementor-element elementor-element-d641d29 elementor-widget elementor-widget-text-editor\" data-id=\"d641d29\" data-element_type=\"widget\" data-e-type=\"widget\" data-widget_type=\"text-editor.default\">\n\t\t\t\t<div class=\"elementor-widget-container\">\n\t\t\t\t\t\t\t\t\t<p>ARQUITECTOS <br \/><strong>Jossu\u00e9 Cupul &amp; Adri\u00e1n Labastida<\/strong><\/p>\t\t\t\t\t\t\t\t<\/div>\n\t\t\t\t<\/div>\n\t\t\t\t\t<\/div>\n\t\t\t\t<\/div>\n\t\t\t\t<\/div>\n\t\t<div class=\"elementor-element elementor-element-6c77f7c e-con-full e-flex e-con e-child\" data-id=\"6c77f7c\" data-element_type=\"container\" data-e-type=\"container\">\n\t\t\t\t<div class=\"elementor-element elementor-element-eb1fc73 elementor-widget__width-initial elementor-widget elementor-widget-text-editor\" data-id=\"eb1fc73\" data-element_type=\"widget\" data-e-type=\"widget\" data-widget_type=\"text-editor.default\">\n\t\t\t\t<div class=\"elementor-widget-container\">\n\t\t\t\t\t\t\t\t\t<p>Fundadores y cabeceras&nbsp;<\/p><p>de Sureste Taller de Maderas<\/p>\t\t\t\t\t\t\t\t<\/div>\n\t\t\t\t<\/div>\n\t\t\t\t<div class=\"elementor-element elementor-element-95fac0c elementor-widget__width-initial elementor-widget-mobile__width-initial elementor-widget elementor-widget-text-editor\" data-id=\"95fac0c\" data-element_type=\"widget\" data-e-type=\"widget\" data-widget_type=\"text-editor.default\">\n\t\t\t\t<div class=\"elementor-widget-container\">\n\t\t\t\t\t\t\t\t\t<p>Yucat\u00e1n, M\u00e9xico<\/p>\t\t\t\t\t\t\t\t<\/div>\n\t\t\t\t<\/div>\n\t\t\t\t<\/div>\n\t\t<div class=\"elementor-element elementor-element-985741e e-flex e-con-boxed e-con e-child\" data-id=\"985741e\" data-element_type=\"container\" data-e-type=\"container\">\n\t\t\t\t\t<div class=\"e-con-inner\">\n\t\t\t\t<div class=\"elementor-element elementor-element-c6cfa54 elementor-widget__width-initial elementor-widget elementor-widget-text-editor\" data-id=\"c6cfa54\" data-element_type=\"widget\" data-e-type=\"widget\" data-widget_type=\"text-editor.default\">\n\t\t\t\t<div class=\"elementor-widget-container\">\n\t\t\t\t\t\t\t\t\t<p>Durante el recorrido de nuestra pr\u00e1ctica arquitect\u00f3nica el destino nos condujo a coincidir con escenarios en los que se lograron colaboraciones mano a mano con comunidades conocedoras y respetuosas de sus contextos f\u00edsicos naturales.<\/p><p>Personas excepcionales que gracias a sus conocimientos y a su dominio del oficio de la carpinter\u00eda hacen de la madera un material con posibilidades infinitas. <strong>Despu\u00e9s de un par de a\u00f1os de acercamiento a las comunidades rurales de la zona y con el continuo deseo de investigaci\u00f3n cultural surge Sureste Taller de Maderas.<\/strong><\/p><p>Un grupo consolidado que suma el oficio tradicional de carpinter\u00eda rural y la cultura del dise\u00f1o en todas sus aristas posibles enfocado en el cuidado de los procesos y tiempos de creaci\u00f3n al observar, seleccionar, dise\u00f1ar y fabricar piezas de madera con arte y alma propia. En equipo tratamos de una forma sensible y natural a los materiales y a los conocimientos heredados. Actuamos con precisi\u00f3n y especial atenci\u00f3n al detalle.<\/p>\t\t\t\t\t\t\t\t<\/div>\n\t\t\t\t<\/div>\n\t\t\t\t\t<\/div>\n\t\t\t\t<\/div>\n\t\t\t\t<\/div>\n\t\t<div class=\"elementor-element elementor-element-1001c36 e-con-full e-flex e-con e-child\" data-id=\"1001c36\" data-element_type=\"container\" data-e-type=\"container\" data-settings=\"{&quot;background_background&quot;:&quot;slideshow&quot;,&quot;background_slideshow_gallery&quot;:[{&quot;id&quot;:211,&quot;url&quot;:&quot;https:\\\/\\\/surestetallerdemaderas.com\\\/wp-content\\\/uploads\\\/2023\\\/11\\\/DSC03657-scaled-e1700843702207.jpg&quot;},{&quot;id&quot;:188,&quot;url&quot;:&quot;https:\\\/\\\/surestetallerdemaderas.com\\\/wp-content\\\/uploads\\\/2023\\\/11\\\/DSC04393-1-scaled.jpg&quot;},{&quot;id&quot;:230,&quot;url&quot;:&quot;https:\\\/\\\/surestetallerdemaderas.com\\\/wp-content\\\/uploads\\\/2023\\\/11\\\/DSC03642-scaled.jpg&quot;}],&quot;background_slideshow_slide_transition&quot;:&quot;slide_up&quot;,&quot;background_slideshow_transition_duration&quot;:5000,&quot;animation_tablet&quot;:&quot;none&quot;,&quot;background_slideshow_loop&quot;:&quot;yes&quot;,&quot;background_slideshow_slide_duration&quot;:5000}\">\n\t\t\t\t<\/div>\n\t\t\t\t<\/div>\n\t\t\t\t<\/div>\n\t\t","protected":false},"excerpt":{"rendered":"<p>ARQUITECTOS Jossu\u00e9 Cupul &amp; Adri\u00e1n Labastida Fundadores y cabeceras&nbsp; de Sureste Taller de Maderas Yucat\u00e1n, M\u00e9xico Durante el recorrido de nuestra pr\u00e1ctica arquitect\u00f3nica el destino nos condujo a coincidir con escenarios en los que se lograron colaboraciones mano a mano con comunidades conocedoras y respetuosas de sus contextos f\u00edsicos naturales. Personas excepcionales que gracias a [&hellip;]<\/p>\n","protected":false},"author":1,"featured_media":0,"parent":0,"menu_order":0,"comment_status":"closed","ping_status":"closed","template":"","meta":{"footnotes":""},"class_list":["post-15","page","type-page","status-publish","hentry"],"_links":{"self":[{"href":"https:\/\/surestetallerdemaderas.com\/index.php\/wp-json\/wp\/v2\/pages\/15","targetHints":{"allow":["GET"]}}],"collection":[{"href":"https:\/\/surestetallerdemaderas.com\/index.php\/wp-json\/wp\/v2\/pages"}],"about":[{"href":"https:\/\/surestetallerdemaderas.com\/index.php\/wp-json\/wp\/v2\/types\/page"}],"author":[{"embeddable":true,"href":"https:\/\/surestetallerdemaderas.com\/index.php\/wp-json\/wp\/v2\/users\/1"}],"replies":[{"embeddable":true,"href":"https:\/\/surestetallerdemaderas.com\/index.php\/wp-json\/wp\/v2\/comments?post=15"}],"version-history":[{"count":148,"href":"https:\/\/surestetallerdemaderas.com\/index.php\/wp-json\/wp\/v2\/pages\/15\/revisions"}],"predecessor-version":[{"id":718,"href":"https:\/\/surestetallerdemaderas.com\/index.php\/wp-json\/wp\/v2\/pages\/15\/revisions\/718"}],"wp:attachment":[{"href":"https:\/\/surestetallerdemaderas.com\/index.php\/wp-json\/wp\/v2\/media?parent=15"}],"curies":[{"name":"wp","href":"https:\/\/api.w.org\/{rel}","templated":true}]}}