{"id":128,"date":"2023-11-23T22:21:12","date_gmt":"2023-11-23T22:21:12","guid":{"rendered":"https:\/\/surestetallerdemaderas.com\/?page_id=128"},"modified":"2023-11-28T19:34:35","modified_gmt":"2023-11-28T19:34:35","slug":"galeria","status":"publish","type":"page","link":"https:\/\/surestetallerdemaderas.com\/index.php\/galeria\/","title":{"rendered":"GALER\u00cdA"},"content":{"rendered":"\t\t<div data-elementor-type=\"wp-page\" data-elementor-id=\"128\" class=\"elementor elementor-128\" data-elementor-post-type=\"page\">\n\t\t\t\t<div class=\"elementor-element elementor-element-8b90f97 e-con-full e-flex e-con e-child\" data-id=\"8b90f97\" data-element_type=\"container\" data-e-type=\"container\" data-settings=\"{&quot;position&quot;:&quot;absolute&quot;}\">\n\t\t\t\t<div class=\"elementor-element elementor-element-cba2331 elementor-nav-menu__text-align-center elementor-nav-menu--toggle elementor-nav-menu--burger elementor-widget elementor-widget-nav-menu\" data-id=\"cba2331\" data-element_type=\"widget\" data-e-type=\"widget\" data-settings=\"{&quot;layout&quot;:&quot;dropdown&quot;,&quot;toggle_icon_hover_animation&quot;:&quot;shrink&quot;,&quot;submenu_icon&quot;:{&quot;value&quot;:&quot;&lt;svg class=\\&quot;e-font-icon-svg e-fas-caret-down\\&quot; viewBox=\\&quot;0 0 320 512\\&quot; xmlns=\\&quot;http:\\\/\\\/www.w3.org\\\/2000\\\/svg\\&quot;&gt;&lt;path d=\\&quot;M31.3 192h257.3c17.8 0 26.7 21.5 14.1 34.1L174.1 354.8c-7.8 7.8-20.5 7.8-28.3 0L17.2 226.1C4.6 213.5 13.5 192 31.3 192z\\&quot;&gt;&lt;\\\/path&gt;&lt;\\\/svg&gt;&quot;,&quot;library&quot;:&quot;fa-solid&quot;},&quot;toggle&quot;:&quot;burger&quot;}\" data-widget_type=\"nav-menu.default\">\n\t\t\t\t<div class=\"elementor-widget-container\">\n\t\t\t\t\t\t\t<div class=\"elementor-menu-toggle\" role=\"button\" tabindex=\"0\" aria-label=\"Menu Toggle\" aria-expanded=\"false\">\n\t\t\t<span class=\"elementor-menu-toggle__icon--open elementor-animation-shrink\"><svg xmlns=\"http:\/\/www.w3.org\/2000\/svg\" id=\"Capa_1\" width=\"149.52mm\" height=\"66.46mm\" viewBox=\"0 0 423.83 188.38\"><defs><style>.cls-1{fill:#272019;stroke-width:0px;}<\/style><\/defs><path class=\"cls-1\" d=\"m95.98,40.72h43.28v143.95h-28.03v-97.36c0-2.8.03-6.72.1-11.77.06-5.04.1-8.94.1-11.67l-27.28,120.8h-29.23L27.83,63.87c0,2.73.03,6.62.1,11.67.06,5.05.1,8.97.1,11.77v97.36H0V40.72h43.77l26.2,113.18,26.01-113.18Z\"><\/path><path class=\"cls-1\" d=\"m208.25,40.72h34.03l50.93,143.95h-32.62l-9.5-29.59h-53.01l-9.76,29.59h-31.46l51.38-143.95Zm-1.98,89.55h36.87l-18.18-56.64-18.68,56.64ZM258.4,0l-29.69,29.2h-20.12L227.34,0h31.05Z\"><\/path><path class=\"cls-1\" d=\"m333.2,140.23c.93,6.58,2.76,11.49,5.48,14.75,4.98,5.92,13.53,8.89,25.62,8.89,7.25,0,13.13-.78,17.65-2.34,8.58-2.99,12.86-8.56,12.86-16.7,0-4.75-2.1-8.43-6.3-11.04-4.2-2.54-10.86-4.79-19.99-6.74l-15.58-3.42c-15.32-3.38-25.84-7.06-31.57-11.04-9.7-6.64-14.55-17.02-14.55-31.15,0-12.89,4.74-23.6,14.24-32.13,9.49-8.53,23.43-12.79,41.82-12.79,15.36,0,28.45,4.02,39.3,12.06,10.84,8.04,16.52,19.71,17.05,35.01h-28.91c-.53-8.66-4.41-14.81-11.61-18.46-4.81-2.41-10.78-3.61-17.92-3.61-7.94,0-14.28,1.56-19.02,4.69s-7.11,7.49-7.11,13.09c0,5.14,2.34,8.98,7.01,11.52,3,1.69,9.38,3.68,19.12,5.96l25.26,5.96c11.07,2.6,19.37,6.09,24.9,10.45,8.58,6.77,12.87,16.57,12.87,29.39s-5.08,24.07-15.25,32.76-24.53,13.04-43.08,13.04-33.86-4.28-44.71-12.84c-10.86-8.56-16.29-20.33-16.29-35.3h28.71Z\"><\/path><\/svg><\/span><span class=\"elementor-menu-toggle__icon--close elementor-animation-shrink\"><svg xmlns=\"http:\/\/www.w3.org\/2000\/svg\" id=\"Capa_1\" width=\"149.52mm\" height=\"66.46mm\" viewBox=\"0 0 423.83 188.38\"><defs><style>.cls-1{fill:#272019;stroke-width:0px;}<\/style><\/defs><path class=\"cls-1\" d=\"m95.98,40.72h43.28v143.95h-28.03v-97.36c0-2.8.03-6.72.1-11.77.06-5.04.1-8.94.1-11.67l-27.28,120.8h-29.23L27.83,63.87c0,2.73.03,6.62.1,11.67.06,5.05.1,8.97.1,11.77v97.36H0V40.72h43.77l26.2,113.18,26.01-113.18Z\"><\/path><path class=\"cls-1\" d=\"m208.25,40.72h34.03l50.93,143.95h-32.62l-9.5-29.59h-53.01l-9.76,29.59h-31.46l51.38-143.95Zm-1.98,89.55h36.87l-18.18-56.64-18.68,56.64ZM258.4,0l-29.69,29.2h-20.12L227.34,0h31.05Z\"><\/path><path class=\"cls-1\" d=\"m333.2,140.23c.93,6.58,2.76,11.49,5.48,14.75,4.98,5.92,13.53,8.89,25.62,8.89,7.25,0,13.13-.78,17.65-2.34,8.58-2.99,12.86-8.56,12.86-16.7,0-4.75-2.1-8.43-6.3-11.04-4.2-2.54-10.86-4.79-19.99-6.74l-15.58-3.42c-15.32-3.38-25.84-7.06-31.57-11.04-9.7-6.64-14.55-17.02-14.55-31.15,0-12.89,4.74-23.6,14.24-32.13,9.49-8.53,23.43-12.79,41.82-12.79,15.36,0,28.45,4.02,39.3,12.06,10.84,8.04,16.52,19.71,17.05,35.01h-28.91c-.53-8.66-4.41-14.81-11.61-18.46-4.81-2.41-10.78-3.61-17.92-3.61-7.94,0-14.28,1.56-19.02,4.69s-7.11,7.49-7.11,13.09c0,5.14,2.34,8.98,7.01,11.52,3,1.69,9.38,3.68,19.12,5.96l25.26,5.96c11.07,2.6,19.37,6.09,24.9,10.45,8.58,6.77,12.87,16.57,12.87,29.39s-5.08,24.07-15.25,32.76-24.53,13.04-43.08,13.04-33.86-4.28-44.71-12.84c-10.86-8.56-16.29-20.33-16.29-35.3h28.71Z\"><\/path><\/svg><\/span>\t\t<\/div>\n\t\t\t\t\t<nav class=\"elementor-nav-menu--dropdown elementor-nav-menu__container\" aria-hidden=\"true\">\n\t\t\t\t<ul id=\"menu-2-cba2331\" class=\"elementor-nav-menu\"><li class=\"menu-item menu-item-type-post_type menu-item-object-page menu-item-home menu-item-90\"><a href=\"https:\/\/surestetallerdemaderas.com\/\" class=\"elementor-item\" tabindex=\"-1\">HOME<\/a><\/li>\n<li class=\"menu-item menu-item-type-post_type menu-item-object-page menu-item-130\"><a href=\"https:\/\/surestetallerdemaderas.com\/index.php\/galeria\/\" class=\"elementor-item\" tabindex=\"-1\">GALER\u00cdA<\/a><\/li>\n<li class=\"menu-item menu-item-type-post_type menu-item-object-page menu-item-88\"><a href=\"https:\/\/surestetallerdemaderas.com\/index.php\/nosotros\/\" class=\"elementor-item\" tabindex=\"-1\">NOSOTROS<\/a><\/li>\n<li class=\"menu-item menu-item-type-post_type menu-item-object-page menu-item-89\"><a href=\"https:\/\/surestetallerdemaderas.com\/index.php\/contacto\/\" class=\"elementor-item\" tabindex=\"-1\">CONTACTO<\/a><\/li>\n<\/ul>\t\t\t<\/nav>\n\t\t\t\t\t\t<\/div>\n\t\t\t\t<\/div>\n\t\t\t\t<\/div>\n\t\t<div class=\"elementor-element elementor-element-7cfcd92 e-con-full e-flex e-con e-parent\" data-id=\"7cfcd92\" data-element_type=\"container\" data-e-type=\"container\">\n\t\t<div class=\"elementor-element elementor-element-dc192d8 e-con-full e-flex e-con e-child\" data-id=\"dc192d8\" data-element_type=\"container\" data-e-type=\"container\">\n\t\t<div class=\"elementor-element elementor-element-c201204 e-con-full e-flex e-con e-child\" data-id=\"c201204\" data-element_type=\"container\" data-e-type=\"container\">\n\t\t\t\t<div class=\"elementor-element elementor-element-f35cc7c elementor-widget elementor-widget-image\" data-id=\"f35cc7c\" data-element_type=\"widget\" data-e-type=\"widget\" data-widget_type=\"image.default\">\n\t\t\t\t<div class=\"elementor-widget-container\">\n\t\t\t\t\t\t\t\t\t\t\t\t\t\t\t<img fetchpriority=\"high\" decoding=\"async\" width=\"511\" height=\"518\" src=\"https:\/\/surestetallerdemaderas.com\/wp-content\/uploads\/2023\/11\/ISO-NEGRO.png\" class=\"attachment-full size-full wp-image-32\" alt=\"\" srcset=\"https:\/\/surestetallerdemaderas.com\/wp-content\/uploads\/2023\/11\/ISO-NEGRO.png 511w, https:\/\/surestetallerdemaderas.com\/wp-content\/uploads\/2023\/11\/ISO-NEGRO-296x300.png 296w\" sizes=\"(max-width: 511px) 100vw, 511px\" \/>\t\t\t\t\t\t\t\t\t\t\t\t\t\t\t<\/div>\n\t\t\t\t<\/div>\n\t\t\t\t<\/div>\n\t\t<div class=\"elementor-element elementor-element-58197fe e-con-full e-flex e-con e-child\" data-id=\"58197fe\" data-element_type=\"container\" data-e-type=\"container\">\n\t\t\t\t<div class=\"elementor-element elementor-element-4879dda elementor-widget elementor-widget-text-editor\" data-id=\"4879dda\" data-element_type=\"widget\" data-e-type=\"widget\" data-widget_type=\"text-editor.default\">\n\t\t\t\t<div class=\"elementor-widget-container\">\n\t\t\t\t\t\t\t\t\t<p>Desde la existencia de nuestro material en el ecosistema natural, hasta la etapa de presentaci\u00f3n de las piezas finales, en todas las categor\u00edas de nuestro hacer, ll\u00e1mese gr\u00e1fica, elementos utilitarios, mobiliario, interiorismo o arquitectura funcionamos como un sistema de creaci\u00f3n que desde su pr\u00e1ctica adapta sus procesos a m\u00faltiples posibilidades.<\/p>\t\t\t\t\t\t\t\t<\/div>\n\t\t\t\t<\/div>\n\t\t\t\t<\/div>\n\t\t\t\t<\/div>\n\t\t<div class=\"elementor-element elementor-element-33c88b9 e-con-full e-flex e-con e-child\" data-id=\"33c88b9\" data-element_type=\"container\" data-e-type=\"container\">\n\t\t\t\t<div class=\"elementor-element elementor-element-36895bc elementor-widget__width-initial elementor-skin-carousel elementor-widget elementor-widget-media-carousel\" data-id=\"36895bc\" data-element_type=\"widget\" data-e-type=\"widget\" data-settings=\"{&quot;slides_per_view_tablet&quot;:&quot;1&quot;,&quot;speed&quot;:50000,&quot;autoplay_speed&quot;:0,&quot;space_between_tablet&quot;:{&quot;unit&quot;:&quot;px&quot;,&quot;size&quot;:5,&quot;sizes&quot;:[]},&quot;skin&quot;:&quot;carousel&quot;,&quot;effect&quot;:&quot;slide&quot;,&quot;autoplay&quot;:&quot;yes&quot;,&quot;loop&quot;:&quot;yes&quot;,&quot;pause_on_hover&quot;:&quot;yes&quot;,&quot;pause_on_interaction&quot;:&quot;yes&quot;,&quot;space_between&quot;:{&quot;unit&quot;:&quot;px&quot;,&quot;size&quot;:10,&quot;sizes&quot;:[]},&quot;space_between_mobile&quot;:{&quot;unit&quot;:&quot;px&quot;,&quot;size&quot;:10,&quot;sizes&quot;:[]}}\" data-widget_type=\"media-carousel.default\">\n\t\t\t\t<div class=\"elementor-widget-container\">\n\t\t\t\t\t\t\t\t\t<div class=\"elementor-swiper\">\n\t\t\t\t\t<div class=\"elementor-main-swiper swiper\" role=\"region\" aria-roledescription=\"carousel\" aria-label=\"Slides\">\n\t\t\t\t<div class=\"swiper-wrapper\">\n\t\t\t\t\t\t\t\t\t\t\t<div class=\"swiper-slide\" role=\"group\" aria-roledescription=\"slide\">\n\t\t\t\t\t\t\t<a href=\"https:\/\/surestetallerdemaderas.com\/wp-content\/uploads\/2023\/11\/7f4dceda-2ac4-42ad-b3ae-b192b8d91de7-min-scaled.jpg\" data-elementor-open-lightbox=\"yes\" data-elementor-lightbox-slideshow=\"36895bc\" data-elementor-lightbox-title=\"7f4dceda-2ac4-42ad-b3ae-b192b8d91de7-min\" data-e-action-hash=\"#elementor-action%3Aaction%3Dlightbox%26settings%3DeyJpZCI6MzYyLCJ1cmwiOiJodHRwczpcL1wvc3VyZXN0ZXRhbGxlcmRlbWFkZXJhcy5jb21cL3dwLWNvbnRlbnRcL3VwbG9hZHNcLzIwMjNcLzExXC83ZjRkY2VkYS0yYWM0LTQyYWQtYjNhZS1iMTkyYjhkOTFkZTctbWluLXNjYWxlZC5qcGciLCJzbGlkZXNob3ciOiIzNjg5NWJjIn0%3D\">\t\t<div class=\"elementor-carousel-image\" role=\"img\" aria-label=\"7f4dceda-2ac4-42ad-b3ae-b192b8d91de7-min\" style=\"background-image: url(&#039;https:\/\/surestetallerdemaderas.com\/wp-content\/uploads\/2023\/11\/7f4dceda-2ac4-42ad-b3ae-b192b8d91de7-min-scaled.jpg&#039;)\">\n\n\t\t\t\n\t\t\t\t\t<\/div>\n\t\t<\/a>\t\t\t\t\t\t<\/div>\n\t\t\t\t\t\t\t\t\t\t\t<div class=\"swiper-slide\" role=\"group\" aria-roledescription=\"slide\">\n\t\t\t\t\t\t\t<a href=\"https:\/\/surestetallerdemaderas.com\/wp-content\/uploads\/2023\/11\/IMG_5821-min-scaled.jpg\" data-elementor-open-lightbox=\"yes\" data-elementor-lightbox-slideshow=\"36895bc\" data-elementor-lightbox-title=\"IMG_5821-min\" data-e-action-hash=\"#elementor-action%3Aaction%3Dlightbox%26settings%3DeyJpZCI6MzY1LCJ1cmwiOiJodHRwczpcL1wvc3VyZXN0ZXRhbGxlcmRlbWFkZXJhcy5jb21cL3dwLWNvbnRlbnRcL3VwbG9hZHNcLzIwMjNcLzExXC9JTUdfNTgyMS1taW4tc2NhbGVkLmpwZyIsInNsaWRlc2hvdyI6IjM2ODk1YmMifQ%3D%3D\">\t\t<div class=\"elementor-carousel-image\" role=\"img\" aria-label=\"IMG_5821-min\" style=\"background-image: url(&#039;https:\/\/surestetallerdemaderas.com\/wp-content\/uploads\/2023\/11\/IMG_5821-min-scaled.jpg&#039;)\">\n\n\t\t\t\n\t\t\t\t\t<\/div>\n\t\t<\/a>\t\t\t\t\t\t<\/div>\n\t\t\t\t\t\t\t\t\t\t\t<div class=\"swiper-slide\" role=\"group\" aria-roledescription=\"slide\">\n\t\t\t\t\t\t\t<a href=\"https:\/\/surestetallerdemaderas.com\/wp-content\/uploads\/2023\/11\/IMG_8653-min-scaled.jpg\" data-elementor-open-lightbox=\"yes\" data-elementor-lightbox-slideshow=\"36895bc\" data-elementor-lightbox-title=\"IMG_8653-min\" data-e-action-hash=\"#elementor-action%3Aaction%3Dlightbox%26settings%3DeyJpZCI6MzY4LCJ1cmwiOiJodHRwczpcL1wvc3VyZXN0ZXRhbGxlcmRlbWFkZXJhcy5jb21cL3dwLWNvbnRlbnRcL3VwbG9hZHNcLzIwMjNcLzExXC9JTUdfODY1My1taW4tc2NhbGVkLmpwZyIsInNsaWRlc2hvdyI6IjM2ODk1YmMifQ%3D%3D\">\t\t<div class=\"elementor-carousel-image\" role=\"img\" aria-label=\"IMG_8653-min\" style=\"background-image: url(&#039;https:\/\/surestetallerdemaderas.com\/wp-content\/uploads\/2023\/11\/IMG_8653-min-scaled.jpg&#039;)\">\n\n\t\t\t\n\t\t\t\t\t<\/div>\n\t\t<\/a>\t\t\t\t\t\t<\/div>\n\t\t\t\t\t\t\t\t\t\t\t<div class=\"swiper-slide\" role=\"group\" aria-roledescription=\"slide\">\n\t\t\t\t\t\t\t<a href=\"https:\/\/surestetallerdemaderas.com\/wp-content\/uploads\/2023\/11\/Tab-7-min-scaled.jpg\" data-elementor-open-lightbox=\"yes\" data-elementor-lightbox-slideshow=\"36895bc\" data-elementor-lightbox-title=\"Tab (7)-min\" data-e-action-hash=\"#elementor-action%3Aaction%3Dlightbox%26settings%3DeyJpZCI6MzcwLCJ1cmwiOiJodHRwczpcL1wvc3VyZXN0ZXRhbGxlcmRlbWFkZXJhcy5jb21cL3dwLWNvbnRlbnRcL3VwbG9hZHNcLzIwMjNcLzExXC9UYWItNy1taW4tc2NhbGVkLmpwZyIsInNsaWRlc2hvdyI6IjM2ODk1YmMifQ%3D%3D\">\t\t<div class=\"elementor-carousel-image\" role=\"img\" aria-label=\"Tab (7)-min\" style=\"background-image: url(&#039;https:\/\/surestetallerdemaderas.com\/wp-content\/uploads\/2023\/11\/Tab-7-min-scaled.jpg&#039;)\">\n\n\t\t\t\n\t\t\t\t\t<\/div>\n\t\t<\/a>\t\t\t\t\t\t<\/div>\n\t\t\t\t\t\t\t\t\t\t\t<div class=\"swiper-slide\" role=\"group\" aria-roledescription=\"slide\">\n\t\t\t\t\t\t\t<a href=\"https:\/\/surestetallerdemaderas.com\/wp-content\/uploads\/2023\/11\/IMG_6018-min-scaled.jpg\" data-elementor-open-lightbox=\"yes\" data-elementor-lightbox-slideshow=\"36895bc\" data-elementor-lightbox-title=\"IMG_6018-min\" data-e-action-hash=\"#elementor-action%3Aaction%3Dlightbox%26settings%3DeyJpZCI6MzY2LCJ1cmwiOiJodHRwczpcL1wvc3VyZXN0ZXRhbGxlcmRlbWFkZXJhcy5jb21cL3dwLWNvbnRlbnRcL3VwbG9hZHNcLzIwMjNcLzExXC9JTUdfNjAxOC1taW4tc2NhbGVkLmpwZyIsInNsaWRlc2hvdyI6IjM2ODk1YmMifQ%3D%3D\">\t\t<div class=\"elementor-carousel-image\" role=\"img\" aria-label=\"IMG_6018-min\" style=\"background-image: url(&#039;https:\/\/surestetallerdemaderas.com\/wp-content\/uploads\/2023\/11\/IMG_6018-min-scaled.jpg&#039;)\">\n\n\t\t\t\n\t\t\t\t\t<\/div>\n\t\t<\/a>\t\t\t\t\t\t<\/div>\n\t\t\t\t\t\t\t\t\t\t\t<div class=\"swiper-slide\" role=\"group\" aria-roledescription=\"slide\">\n\t\t\t\t\t\t\t<a href=\"https:\/\/surestetallerdemaderas.com\/wp-content\/uploads\/2023\/11\/IMG_4871-min-scaled.jpg\" data-elementor-open-lightbox=\"yes\" data-elementor-lightbox-slideshow=\"36895bc\" data-elementor-lightbox-title=\"IMG_4871-min\" data-e-action-hash=\"#elementor-action%3Aaction%3Dlightbox%26settings%3DeyJpZCI6MzY0LCJ1cmwiOiJodHRwczpcL1wvc3VyZXN0ZXRhbGxlcmRlbWFkZXJhcy5jb21cL3dwLWNvbnRlbnRcL3VwbG9hZHNcLzIwMjNcLzExXC9JTUdfNDg3MS1taW4tc2NhbGVkLmpwZyIsInNsaWRlc2hvdyI6IjM2ODk1YmMifQ%3D%3D\">\t\t<div class=\"elementor-carousel-image\" role=\"img\" aria-label=\"IMG_4871-min\" style=\"background-image: url(&#039;https:\/\/surestetallerdemaderas.com\/wp-content\/uploads\/2023\/11\/IMG_4871-min-scaled.jpg&#039;)\">\n\n\t\t\t\n\t\t\t\t\t<\/div>\n\t\t<\/a>\t\t\t\t\t\t<\/div>\n\t\t\t\t\t\t\t\t\t\t\t<div class=\"swiper-slide\" role=\"group\" aria-roledescription=\"slide\">\n\t\t\t\t\t\t\t<a href=\"https:\/\/surestetallerdemaderas.com\/wp-content\/uploads\/2023\/11\/DSC03658-scaled.jpg\" data-elementor-open-lightbox=\"yes\" data-elementor-lightbox-slideshow=\"36895bc\" data-elementor-lightbox-title=\"DSC03658\" data-e-action-hash=\"#elementor-action%3Aaction%3Dlightbox%26settings%3DeyJpZCI6Mzc0LCJ1cmwiOiJodHRwczpcL1wvc3VyZXN0ZXRhbGxlcmRlbWFkZXJhcy5jb21cL3dwLWNvbnRlbnRcL3VwbG9hZHNcLzIwMjNcLzExXC9EU0MwMzY1OC1zY2FsZWQuanBnIiwic2xpZGVzaG93IjoiMzY4OTViYyJ9\">\t\t<div class=\"elementor-carousel-image\" role=\"img\" aria-label=\"DSC03658\" style=\"background-image: url(&#039;https:\/\/surestetallerdemaderas.com\/wp-content\/uploads\/2023\/11\/DSC03658-scaled.jpg&#039;)\">\n\n\t\t\t\n\t\t\t\t\t<\/div>\n\t\t<\/a>\t\t\t\t\t\t<\/div>\n\t\t\t\t\t\t\t\t\t\t\t<div class=\"swiper-slide\" role=\"group\" aria-roledescription=\"slide\">\n\t\t\t\t\t\t\t<a href=\"https:\/\/surestetallerdemaderas.com\/wp-content\/uploads\/2023\/11\/DSC03644.jpg\" data-elementor-open-lightbox=\"yes\" data-elementor-lightbox-slideshow=\"36895bc\" data-elementor-lightbox-title=\"DSC03644\" data-e-action-hash=\"#elementor-action%3Aaction%3Dlightbox%26settings%3DeyJpZCI6MzczLCJ1cmwiOiJodHRwczpcL1wvc3VyZXN0ZXRhbGxlcmRlbWFkZXJhcy5jb21cL3dwLWNvbnRlbnRcL3VwbG9hZHNcLzIwMjNcLzExXC9EU0MwMzY0NC5qcGciLCJzbGlkZXNob3ciOiIzNjg5NWJjIn0%3D\">\t\t<div class=\"elementor-carousel-image\" role=\"img\" aria-label=\"DSC03644\" style=\"background-image: url(&#039;https:\/\/surestetallerdemaderas.com\/wp-content\/uploads\/2023\/11\/DSC03644.jpg&#039;)\">\n\n\t\t\t\n\t\t\t\t\t<\/div>\n\t\t<\/a>\t\t\t\t\t\t<\/div>\n\t\t\t\t\t\t\t\t\t\t\t<div class=\"swiper-slide\" role=\"group\" aria-roledescription=\"slide\">\n\t\t\t\t\t\t\t<a href=\"https:\/\/surestetallerdemaderas.com\/wp-content\/uploads\/2023\/11\/DSC03616-scaled.jpg\" data-elementor-open-lightbox=\"yes\" data-elementor-lightbox-slideshow=\"36895bc\" data-elementor-lightbox-title=\"DSC03616\" data-e-action-hash=\"#elementor-action%3Aaction%3Dlightbox%26settings%3DeyJpZCI6MzcyLCJ1cmwiOiJodHRwczpcL1wvc3VyZXN0ZXRhbGxlcmRlbWFkZXJhcy5jb21cL3dwLWNvbnRlbnRcL3VwbG9hZHNcLzIwMjNcLzExXC9EU0MwMzYxNi1zY2FsZWQuanBnIiwic2xpZGVzaG93IjoiMzY4OTViYyJ9\">\t\t<div class=\"elementor-carousel-image\" role=\"img\" aria-label=\"DSC03616\" style=\"background-image: url(&#039;https:\/\/surestetallerdemaderas.com\/wp-content\/uploads\/2023\/11\/DSC03616-scaled.jpg&#039;)\">\n\n\t\t\t\n\t\t\t\t\t<\/div>\n\t\t<\/a>\t\t\t\t\t\t<\/div>\n\t\t\t\t\t\t\t\t\t\t\t<div class=\"swiper-slide\" role=\"group\" aria-roledescription=\"slide\">\n\t\t\t\t\t\t\t\t\t<div class=\"elementor-carousel-image\" role=\"img\" aria-label=\"\" style=\"background-image: url(&#039;&#039;)\">\n\n\t\t\t\n\t\t\t\t\t<\/div>\n\t\t\t\t\t\t\t\t<\/div>\n\t\t\t\t\t\t\t\t\t<\/div>\n\t\t\t\t\t\t\t\t\t\t\t\t\t\t\t\t\t\t\t\t\t<\/div>\n\t\t\t\t<\/div>\n\t\t\t\t\t\t\t\t<\/div>\n\t\t\t\t<\/div>\n\t\t\t\t<\/div>\n\t\t\t\t<\/div>\n\t\t\t\t<\/div>\n\t\t","protected":false},"excerpt":{"rendered":"<p>Desde la existencia de nuestro material en el ecosistema natural, hasta la etapa de presentaci\u00f3n de las piezas finales, en todas las categor\u00edas de nuestro hacer, ll\u00e1mese gr\u00e1fica, elementos utilitarios, mobiliario, interiorismo o arquitectura funcionamos como un sistema de creaci\u00f3n que desde su pr\u00e1ctica adapta sus procesos a m\u00faltiples posibilidades.<\/p>\n","protected":false},"author":1,"featured_media":0,"parent":0,"menu_order":0,"comment_status":"closed","ping_status":"closed","template":"elementor_canvas","meta":{"footnotes":""},"class_list":["post-128","page","type-page","status-publish","hentry"],"_links":{"self":[{"href":"https:\/\/surestetallerdemaderas.com\/index.php\/wp-json\/wp\/v2\/pages\/128","targetHints":{"allow":["GET"]}}],"collection":[{"href":"https:\/\/surestetallerdemaderas.com\/index.php\/wp-json\/wp\/v2\/pages"}],"about":[{"href":"https:\/\/surestetallerdemaderas.com\/index.php\/wp-json\/wp\/v2\/types\/page"}],"author":[{"embeddable":true,"href":"https:\/\/surestetallerdemaderas.com\/index.php\/wp-json\/wp\/v2\/users\/1"}],"replies":[{"embeddable":true,"href":"https:\/\/surestetallerdemaderas.com\/index.php\/wp-json\/wp\/v2\/comments?post=128"}],"version-history":[{"count":286,"href":"https:\/\/surestetallerdemaderas.com\/index.php\/wp-json\/wp\/v2\/pages\/128\/revisions"}],"predecessor-version":[{"id":683,"href":"https:\/\/surestetallerdemaderas.com\/index.php\/wp-json\/wp\/v2\/pages\/128\/revisions\/683"}],"wp:attachment":[{"href":"https:\/\/surestetallerdemaderas.com\/index.php\/wp-json\/wp\/v2\/media?parent=128"}],"curies":[{"name":"wp","href":"https:\/\/api.w.org\/{rel}","templated":true}]}}